{"id":57,"date":"2019-03-11T21:53:52","date_gmt":"2019-03-11T21:53:52","guid":{"rendered":"http:\/\/pdl.com.tr\/?page_id=57"},"modified":"2019-03-11T21:53:52","modified_gmt":"2019-03-11T21:53:52","slug":"stratejik-isbirligi","status":"publish","type":"page","link":"http:\/\/cizge.com.tr\/index.php\/tr\/stratejik-isbirligi\/","title":{"rendered":"STRATEJ\u0130K \u0130\u015eB\u0130RL\u0130\u011e\u0130"},"content":{"rendered":"<p><div id=\"Kurumsal_Bakis\" class=\"fusion-container-anchor\"><div class=\"fusion-fullwidth fullwidth-box fusion-builder-row-1 fusion-flex-container nonhundred-percent-fullwidth non-hundred-percent-height-scrolling\" style=\"--awb-border-radius-top-left:0px;--awb-border-radius-top-right:0px;--awb-border-radius-bottom-right:0px;--awb-border-radius-bottom-left:0px;--awb-flex-wrap:wrap;\" ><div class=\"fusion-builder-row fusion-row fusion-flex-align-items-flex-start fusion-flex-content-wrap\" style=\"max-width:1248px;margin-left: calc(-4% \/ 2 );margin-right: calc(-4% \/ 2 );\"><div class=\"fusion-layout-column fusion_builder_column fusion-builder-column-0 fusion_builder_column_1_3 1_3 fusion-flex-column fusion-column-inner-bg-wrapper\" style=\"--awb-padding-top:10%;--awb-padding-bottom:50%;--awb-inner-bg-position:center center;--awb-inner-bg-size:cover;--awb-width-large:33.333333333333%;--awb-margin-top-large:0px;--awb-spacing-right-large:3.8399999999999%;--awb-margin-bottom-large:0px;--awb-spacing-left-large:5.76%;--awb-width-medium:33.333333333333%;--awb-spacing-right-medium:3.8399999999999%;--awb-spacing-left-medium:5.76%;--awb-width-small:100%;--awb-spacing-right-small:1.92%;--awb-spacing-left-small:1.92%;\"><span class=\"fusion-column-inner-bg hover-type-zoomin\"><span class=\"fusion-column-anchor\"><span class=\"fusion-column-inner-bg-image\"><\/span><\/span><\/span><div class=\"fusion-column-wrapper fusion-flex-justify-content-flex-start fusion-content-layout-column\"><\/div><\/div><div class=\"fusion-layout-column fusion_builder_column fusion-builder-column-1 fusion_builder_column_2_3 2_3 fusion-flex-column\" style=\"--awb-padding-top:10%;--awb-padding-bottom:10%;--awb-bg-size:cover;--awb-width-large:66.666666666667%;--awb-margin-top-large:0px;--awb-spacing-right-large:2.88%;--awb-margin-bottom-large:20px;--awb-spacing-left-large:3.84%;--awb-width-medium:66.666666666667%;--awb-spacing-right-medium:2.88%;--awb-spacing-left-medium:3.84%;--awb-width-small:100%;--awb-spacing-right-small:1.92%;--awb-spacing-left-small:1.92%;\"><div class=\"fusion-column-wrapper fusion-flex-justify-content-flex-start fusion-content-layout-column\"><div class=\"fusion-text fusion-text-1\"><h1>STRATEJ\u0130K \u0130\u015eB\u0130RL\u0130\u011e\u0130<\/h1>\n<\/div><div class=\"fusion-text fusion-text-2\"><p>PDL m\u00fc\u015fterilerine uzman oldu\u011fu alanda<\/p>\n<h3><span class=\"Metin-Bold\">Operasyonel M\u00fckemmellik<\/span> sunuyor.<\/h3>\n<ul id=\"u1058-16\" class=\"list0 nls-None\">\n<li>Do\u011fru kaliteli \u00fcr\u00fcn tedari\u011fi<\/li>\n<li>M\u00fc\u015fteri ad\u0131na ithalat\u00e7\u0131 kimli\u011fi<\/li>\n<li>EPDK izin s\u00fcre\u00e7leri<\/li>\n<li>G\u00fcmr\u00fck ithalat i\u015flemleri<\/li>\n<li>Lojistik destek<\/li>\n<\/ul>\n<h3>PDL uzmanl\u0131\u011f\u0131yla m\u00fc\u015fterilerine <span class=\"Metin-Bold\">rekabet avantaj\u0131<\/span> sa\u011fl\u0131yor<\/h3>\n<ul id=\"u1058-28\" class=\"list0 nls-None\">\n<li>D\u00fc\u015f\u00fck faaliyet giderleri (rakiplere g\u00f6re)<\/li>\n<li>G\u00fc\u00e7l\u00fc tedarik kanad\u0131 global ve hacimli anla\u015fmalar<\/li>\n<li>M\u00fc\u015fteri ili\u015fkileri y\u00f6netimi<\/li>\n<\/ul>\n<h3>PDL t\u00fcm rakiplerinden <span class=\"Metin-Bold\">daha esnek ve daha h\u0131zl\u0131<\/span> karar veriyor<\/h3>\n<ul id=\"u1058-36\" class=\"list0 nls-None\">\n<li>100% m\u00fc\u015fteri odakl\u0131 \u00e7al\u0131\u015f\u0131yoruz.<\/li>\n<\/ul>\n<h3>PDL <span class=\"Metin-Bold\">proje \u00fcretiyor.<\/span><\/h3>\n<ul id=\"u1058-45\" class=\"list0 nls-None\">\n<li>Geli\u015fme ve k\u00fcreselle\u015fme ad\u0131na yeni ihracat pazarlar\u0131<\/li>\n<li>Karl\u0131 ve farkl\u0131 sekt\u00f6r a\u00e7\u0131l\u0131mlar\u0131<\/li>\n<\/ul>\n<\/div><\/div><\/div><\/div><\/div><\/div><div class=\"fusion-fullwidth fullwidth-box fusion-builder-row-2 fusion-flex-container hundred-percent-fullwidth non-hundred-percent-height-scrolling\" style=\"--awb-border-radius-top-left:0px;--awb-border-radius-top-right:0px;--awb-border-radius-bottom-right:0px;--awb-border-radius-bottom-left:0px;--awb-padding-top:2%;--awb-padding-bottom:2%;--awb-flex-wrap:wrap;\" ><div class=\"fusion-builder-row fusion-row fusion-flex-align-items-flex-start fusion-flex-content-wrap\" style=\"width:104% !important;max-width:104% !important;margin-left: calc(-4% \/ 2 );margin-right: calc(-4% \/ 2 );\"><div class=\"fusion-layout-column fusion_builder_column fusion-builder-column-2 fusion_builder_column_1_3 1_3 fusion-flex-column\" style=\"--awb-bg-size:cover;--awb-width-large:33.333333333333%;--awb-margin-top-large:0px;--awb-spacing-right-large:5.76%;--awb-margin-bottom-large:20px;--awb-spacing-left-large:5.76%;--awb-width-medium:33.333333333333%;--awb-spacing-right-medium:5.76%;--awb-spacing-left-medium:5.76%;--awb-width-small:100%;--awb-spacing-right-small:1.92%;--awb-spacing-left-small:1.92%;\"><div class=\"fusion-column-wrapper fusion-flex-justify-content-flex-start fusion-content-layout-column\"><\/div><\/div><div class=\"fusion-layout-column fusion_builder_column fusion-builder-column-3 fusion_builder_column_1_3 1_3 fusion-flex-column\" style=\"--awb-bg-size:cover;--awb-width-large:33.333333333333%;--awb-margin-top-large:0px;--awb-spacing-right-large:5.76%;--awb-margin-bottom-large:20px;--awb-spacing-left-large:5.76%;--awb-width-medium:33.333333333333%;--awb-spacing-right-medium:5.76%;--awb-spacing-left-medium:5.76%;--awb-width-small:100%;--awb-spacing-right-small:1.92%;--awb-spacing-left-small:1.92%;\"><div class=\"fusion-column-wrapper fusion-flex-justify-content-flex-start fusion-content-layout-column\"><\/div><\/div><div class=\"fusion-layout-column fusion_builder_column fusion-builder-column-4 fusion_builder_column_1_3 1_3 fusion-flex-column\" style=\"--awb-bg-size:cover;--awb-width-large:33.333333333333%;--awb-margin-top-large:0px;--awb-spacing-right-large:5.76%;--awb-margin-bottom-large:20px;--awb-spacing-left-large:5.76%;--awb-width-medium:33.333333333333%;--awb-spacing-right-medium:5.76%;--awb-spacing-left-medium:5.76%;--awb-width-small:100%;--awb-spacing-right-small:1.92%;--awb-spacing-left-small:1.92%;\"><div class=\"fusion-column-wrapper fusion-flex-justify-content-flex-start fusion-content-layout-column\"><\/div><\/div><\/div><\/div><\/p>\n","protected":false},"excerpt":{"rendered":"","protected":false},"author":1,"featured_media":0,"parent":0,"menu_order":0,"comment_status":"closed","ping_status":"closed","template":"100-width.php","meta":{"footnotes":""},"class_list":["post-57","page","type-page","status-publish","hentry"],"_links":{"self":[{"href":"http:\/\/cizge.com.tr\/index.php\/wp-json\/wp\/v2\/pages\/57"}],"collection":[{"href":"http:\/\/cizge.com.tr\/index.php\/wp-json\/wp\/v2\/pages"}],"about":[{"href":"http:\/\/cizge.com.tr\/index.php\/wp-json\/wp\/v2\/types\/page"}],"author":[{"embeddable":true,"href":"http:\/\/cizge.com.tr\/index.php\/wp-json\/wp\/v2\/users\/1"}],"replies":[{"embeddable":true,"href":"http:\/\/cizge.com.tr\/index.php\/wp-json\/wp\/v2\/comments?post=57"}],"version-history":[{"count":0,"href":"http:\/\/cizge.com.tr\/index.php\/wp-json\/wp\/v2\/pages\/57\/revisions"}],"wp:attachment":[{"href":"http:\/\/cizge.com.tr\/index.php\/wp-json\/wp\/v2\/media?parent=57"}],"curies":[{"name":"wp","href":"https:\/\/api.w.org\/{rel}","templated":true}]}}