{"id":55,"date":"2019-03-11T21:53:14","date_gmt":"2019-03-11T21:53:14","guid":{"rendered":"http:\/\/pdl.com.tr\/?page_id=55"},"modified":"2019-03-11T21:53:14","modified_gmt":"2019-03-11T21:53:14","slug":"operasyonel-isbirligi","status":"publish","type":"page","link":"http:\/\/cizge.com.tr\/index.php\/tr\/operasyonel-isbirligi\/","title":{"rendered":"OPERASYONEL \u0130\u015eB\u0130RL\u0130\u011e\u0130"},"content":{"rendered":"<p><div id=\"Kurumsal_Bakis\" class=\"fusion-container-anchor\"><div class=\"fusion-fullwidth fullwidth-box fusion-builder-row-1 fusion-flex-container nonhundred-percent-fullwidth non-hundred-percent-height-scrolling\" style=\"--awb-border-radius-top-left:0px;--awb-border-radius-top-right:0px;--awb-border-radius-bottom-right:0px;--awb-border-radius-bottom-left:0px;--awb-flex-wrap:wrap;\" ><div class=\"fusion-builder-row fusion-row fusion-flex-align-items-flex-start fusion-flex-content-wrap\" style=\"max-width:1248px;margin-left: calc(-4% \/ 2 );margin-right: calc(-4% \/ 2 );\"><div class=\"fusion-layout-column fusion_builder_column fusion-builder-column-0 fusion_builder_column_1_3 1_3 fusion-flex-column fusion-column-inner-bg-wrapper\" style=\"--awb-padding-top:10%;--awb-padding-bottom:50%;--awb-inner-bg-position:center center;--awb-inner-bg-size:cover;--awb-width-large:33.333333333333%;--awb-margin-top-large:0px;--awb-spacing-right-large:3.8399999999999%;--awb-margin-bottom-large:0px;--awb-spacing-left-large:5.76%;--awb-width-medium:33.333333333333%;--awb-spacing-right-medium:3.8399999999999%;--awb-spacing-left-medium:5.76%;--awb-width-small:100%;--awb-spacing-right-small:1.92%;--awb-spacing-left-small:1.92%;\"><span class=\"fusion-column-inner-bg hover-type-zoomin\"><span class=\"fusion-column-anchor\"><span class=\"fusion-column-inner-bg-image\"><\/span><\/span><\/span><div class=\"fusion-column-wrapper fusion-flex-justify-content-flex-start fusion-content-layout-column\"><\/div><\/div><div class=\"fusion-layout-column fusion_builder_column fusion-builder-column-1 fusion_builder_column_2_3 2_3 fusion-flex-column\" style=\"--awb-padding-top:10%;--awb-padding-bottom:10%;--awb-bg-size:cover;--awb-width-large:66.666666666667%;--awb-margin-top-large:0px;--awb-spacing-right-large:2.88%;--awb-margin-bottom-large:20px;--awb-spacing-left-large:3.84%;--awb-width-medium:66.666666666667%;--awb-spacing-right-medium:2.88%;--awb-spacing-left-medium:3.84%;--awb-width-small:100%;--awb-spacing-right-small:1.92%;--awb-spacing-left-small:1.92%;\"><div class=\"fusion-column-wrapper fusion-flex-justify-content-flex-start fusion-content-layout-column\"><div class=\"fusion-text fusion-text-1\"><h1>OPERASYONEL \u0130\u015eB\u0130RL\u0130\u011e\u0130<\/h1>\n<\/div><div class=\"fusion-text fusion-text-2\"><p>\u00c7okuluslu rafineriler ve tedarik\u00e7iler ile kontratl\u0131 \u00e7al\u0131\u015f\u0131yoruz.<\/p>\n<p>Hammaddelerimizi Gebze Antrepolar\u0131nda d\u00f6kme olarak stokluyoruz.<\/p>\n<p>Buradan m\u00fc\u015fterilerimizin ihtiyac\u0131na g\u00f6re;<\/p>\n<p>M\u00fc\u015fterilerimiz ad\u0131na ithalat\u00e7\u0131 olarak, d\u00f6kme \u00fcr\u00fcnler i\u00e7in EPDK izinlerini al\u0131yoruz.<\/p>\n<p>\u0130thalat\u0131 onlar ad\u0131na uzman ekibimizle ger\u00e7ekle\u015ftiriyoruz.<\/p>\n<p>M\u00fc\u015fterilerimize Antrepoda proforma ile devir vererek onlar\u0131n ithalat avantajlar\u0131 varsa (Dahilde \u0130\u015fleme \u0130zin Belgesi vb.) kullanmalar\u0131n\u0131 sa\u011fl\u0131yoruz.<\/p>\n<p>Ambalajl\u0131 ithalat ve Antrepo devri veriyoruz.<\/p>\n<p>Antrepodaki mal\u0131m\u0131z\u0131n Serbest B\u00f6lgelere transit ticaretini ve ihracat\u0131n\u0131 yap\u0131yoruz.<\/p>\n<p>Yurti\u00e7inden sa\u011flad\u0131\u011f\u0131m\u0131z plastik ve polimer \/ elastomerlerin ihracat\u0131n\u0131 yap\u0131yoruz.<\/p>\n<\/div><\/div><\/div><\/div><\/div><\/div><\/p>\n","protected":false},"excerpt":{"rendered":"","protected":false},"author":1,"featured_media":0,"parent":0,"menu_order":0,"comment_status":"closed","ping_status":"closed","template":"100-width.php","meta":{"footnotes":""},"class_list":["post-55","page","type-page","status-publish","hentry"],"_links":{"self":[{"href":"http:\/\/cizge.com.tr\/index.php\/wp-json\/wp\/v2\/pages\/55"}],"collection":[{"href":"http:\/\/cizge.com.tr\/index.php\/wp-json\/wp\/v2\/pages"}],"about":[{"href":"http:\/\/cizge.com.tr\/index.php\/wp-json\/wp\/v2\/types\/page"}],"author":[{"embeddable":true,"href":"http:\/\/cizge.com.tr\/index.php\/wp-json\/wp\/v2\/users\/1"}],"replies":[{"embeddable":true,"href":"http:\/\/cizge.com.tr\/index.php\/wp-json\/wp\/v2\/comments?post=55"}],"version-history":[{"count":0,"href":"http:\/\/cizge.com.tr\/index.php\/wp-json\/wp\/v2\/pages\/55\/revisions"}],"wp:attachment":[{"href":"http:\/\/cizge.com.tr\/index.php\/wp-json\/wp\/v2\/media?parent=55"}],"curies":[{"name":"wp","href":"https:\/\/api.w.org\/{rel}","templated":true}]}}