{"id":1173,"date":"2024-08-15T19:36:34","date_gmt":"2024-08-15T19:36:34","guid":{"rendered":"http:\/\/cizge.com.tr\/?page_id=1173"},"modified":"2024-08-16T11:16:23","modified_gmt":"2024-08-16T11:16:23","slug":"janart-boutique-parfume","status":"publish","type":"page","link":"http:\/\/cizge.com.tr\/","title":{"rendered":"Janart Boutique Parfume"},"content":{"rendered":"<p><div class=\"fusion-fullwidth fullwidth-box fusion-builder-row-1 fusion-flex-container has-pattern-background has-mask-background nonhundred-percent-fullwidth non-hundred-percent-height-scrolling\" style=\"--awb-border-radius-top-left:0px;--awb-border-radius-top-right:0px;--awb-border-radius-bottom-right:0px;--awb-border-radius-bottom-left:0px;--awb-margin-bottom:2%;--awb-flex-wrap:wrap;\" ><div class=\"fusion-builder-row fusion-row fusion-flex-align-items-flex-start fusion-flex-content-wrap\" style=\"max-width:1248px;margin-left: calc(-4% \/ 2 );margin-right: calc(-4% \/ 2 );\"><div class=\"fusion-layout-column fusion_builder_column fusion-builder-column-0 fusion_builder_column_1_3 1_3 fusion-flex-column\" style=\"--awb-bg-size:cover;--awb-width-large:33.333333333333%;--awb-margin-top-large:0px;--awb-spacing-right-large:5.76%;--awb-margin-bottom-large:20px;--awb-spacing-left-large:5.76%;--awb-width-medium:33.333333333333%;--awb-order-medium:0;--awb-spacing-right-medium:5.76%;--awb-spacing-left-medium:5.76%;--awb-width-small:100%;--awb-order-small:0;--awb-spacing-right-small:1.92%;--awb-spacing-left-small:1.92%;\"><div class=\"fusion-column-wrapper fusion-column-has-shadow fusion-flex-justify-content-flex-start fusion-content-layout-column\"><div class=\"fusion-image-element \" style=\"--awb-mask-url: url(http:\/\/cizge.com.tr\/wp-content\/plugins\/fusion-builder\/\/assets\/images\/masks\/mask-7.svg);--awb-margin-top:0px;--awb-margin-right:0px;--awb-margin-bottom:0PX;--awb-margin-left:0px;--awb-caption-title-font-family:var(--h2_typography-font-family);--awb-caption-title-font-weight:var(--h2_typography-font-weight);--awb-caption-title-font-style:var(--h2_typography-font-style);--awb-caption-title-size:var(--h2_typography-font-size);--awb-caption-title-transform:var(--h2_typography-text-transform);--awb-caption-title-line-height:var(--h2_typography-line-height);--awb-caption-title-letter-spacing:var(--h2_typography-letter-spacing);\"><span class=\" fusion-imageframe imageframe-none imageframe-1 hover-type-none has-mask\"><img decoding=\"async\" width=\"444\" height=\"666\" title=\"arkafon-image\" src=\"http:\/\/cizge.com.tr\/wp-content\/uploads\/2024\/08\/arkafon-image.jpeg\" alt class=\"img-responsive wp-image-1175\" srcset=\"http:\/\/cizge.com.tr\/wp-content\/uploads\/2024\/08\/arkafon-image-200x300.jpeg 200w, http:\/\/cizge.com.tr\/wp-content\/uploads\/2024\/08\/arkafon-image-400x600.jpeg 400w, http:\/\/cizge.com.tr\/wp-content\/uploads\/2024\/08\/arkafon-image.jpeg 444w\" sizes=\"(max-width: 640px) 100vw, 400px\" \/><\/span><\/div><\/div><\/div><div class=\"fusion-layout-column fusion_builder_column fusion-builder-column-1 fusion_builder_column_2_3 2_3 fusion-flex-column\" style=\"--awb-bg-size:cover;--awb-width-large:66.666666666667%;--awb-margin-top-large:0px;--awb-spacing-right-large:2.88%;--awb-margin-bottom-large:20px;--awb-spacing-left-large:2.88%;--awb-width-medium:66.666666666667%;--awb-order-medium:0;--awb-spacing-right-medium:2.88%;--awb-spacing-left-medium:2.88%;--awb-width-small:100%;--awb-order-small:0;--awb-spacing-right-small:1.92%;--awb-spacing-left-small:1.92%;\"><div class=\"fusion-column-wrapper fusion-column-has-shadow fusion-flex-justify-content-flex-start fusion-content-layout-column\"><div class=\"fusion-title title fusion-title-1 fusion-sep-none fusion-title-text fusion-title-size-two\" style=\"--awb-text-color:var(--awb-color6);--awb-margin-bottom:1%;\"><h2 class=\"fusion-title-heading title-heading-left\" style=\"margin:0;\"><h2 style=\"text-align: left;\">Hikayemiz<\/h2><\/h2><\/div><div class=\"fusion-text fusion-text-1 fusion-text-no-margin\" style=\"--awb-text-color:var(--awb-color8);--awb-margin-top:0px;--awb-margin-bottom:0PX;\"><p id=\"isPasted\">Janart Boutique Perfume olarak, her bir kokumuzun bir hikayesi oldu\u011funu d\u00fc\u015f\u00fcn\u00fcyoruz.<\/p>\n<p>Kafkas mitolojisinden ilham alarak yaratt\u0131\u011f\u0131m\u0131z \u00f6zel kar\u0131\u015f\u0131mlar\u0131m\u0131zla, duyular\u0131n\u0131za unutulmaz bir yolculuk sunuyoruz. Do\u011fal ve kaliteli malzemeleri kullanarak, benzersiz ve ki\u015fisel kokular olu\u015fturmay\u0131 hedefliyoruz.<\/p>\n<\/div><div class=\"fusion-title title fusion-title-2 fusion-sep-none fusion-title-text fusion-title-size-two\" style=\"--awb-text-color:var(--awb-color6);--awb-margin-top:6%;--awb-margin-bottom:0PX;\"><h2 class=\"fusion-title-heading title-heading-left\" style=\"margin:0;\"><h2>Misyon ve Vizyon<\/h2><\/h2><\/div><div class=\"fusion-text fusion-text-2 fusion-text-no-margin\" style=\"--awb-text-color:var(--awb-color8);--awb-margin-top:0px;--awb-margin-bottom:0PX;\"><p><strong>Misyon:<\/strong> Farkl\u0131 k\u00fclt\u00fcrlerden ilham alarak, do\u011fal ve kaliteli malzemelerle \u00fcretilmi\u015f, benzersiz ve ki\u015fisel kokular sunarak m\u00fc\u015fterilerimize unutulmaz bir deneyim ya\u015fatmak.<\/p>\n<p><strong>Vizyon:<\/strong> Butik parf\u00fcm d\u00fcnyas\u0131nda \u00f6nc\u00fc bir marka olmak ve m\u00fc\u015fterilerimizin hayatlar\u0131na dokunan, \u00f6zel ve anlaml\u0131 kokular yaratmak.<\/p>\n<\/div><\/div><\/div><\/div><\/div><div class=\"fusion-fullwidth fullwidth-box fusion-builder-row-2 fusion-flex-container has-pattern-background has-mask-background fusion-parallax-fixed nonhundred-percent-fullwidth non-hundred-percent-height-scrolling\" style=\"--awb-background-blend-mode:overlay;--awb-border-radius-top-left:0px;--awb-border-radius-top-right:0px;--awb-border-radius-bottom-right:0px;--awb-border-radius-bottom-left:0px;--awb-min-height:200px;--awb-background-color:rgba(255,216,216,0.85);--awb-background-image:url(&quot;http:\/\/cizge.com.tr\/wp-content\/uploads\/2024\/08\/389.jpg&quot;);--awb-background-size:cover;--awb-flex-wrap:wrap;background-attachment:fixed;\" ><div class=\"fusion-builder-row fusion-row fusion-flex-align-items-flex-start fusion-flex-content-wrap\" style=\"max-width:1248px;margin-left: calc(-4% \/ 2 );margin-right: calc(-4% \/ 2 );\"><\/div><\/div><div class=\"fusion-fullwidth fullwidth-box fusion-builder-row-3 fusion-flex-container has-pattern-background has-mask-background nonhundred-percent-fullwidth non-hundred-percent-height-scrolling\" style=\"--awb-border-radius-top-left:0px;--awb-border-radius-top-right:0px;--awb-border-radius-bottom-right:0px;--awb-border-radius-bottom-left:0px;--awb-margin-top:2%;--awb-margin-bottom:2%;--awb-flex-wrap:wrap;\" ><div class=\"fusion-builder-row fusion-row fusion-flex-align-items-flex-start fusion-flex-justify-content-center fusion-flex-content-wrap\" style=\"max-width:1248px;margin-left: calc(-4% \/ 2 );margin-right: calc(-4% \/ 2 );\"><div class=\"fusion-layout-column fusion_builder_column fusion-builder-column-2 fusion_builder_column_1_2 1_2 fusion-flex-column\" style=\"--awb-bg-size:cover;--awb-width-large:50%;--awb-margin-top-large:0px;--awb-spacing-right-large:3.84%;--awb-margin-bottom-large:20px;--awb-spacing-left-large:3.84%;--awb-width-medium:50%;--awb-order-medium:0;--awb-spacing-right-medium:3.84%;--awb-spacing-left-medium:3.84%;--awb-width-small:100%;--awb-order-small:0;--awb-spacing-right-small:1.92%;--awb-spacing-left-small:1.92%;\" data-scroll-devices=\"small-visibility,medium-visibility,large-visibility\"><div class=\"fusion-column-wrapper fusion-column-has-shadow fusion-flex-justify-content-flex-start fusion-content-layout-column\"><div class=\"fusion-title title fusion-title-3 fusion-sep-none fusion-title-center fusion-title-text fusion-title-size-two\" style=\"--awb-margin-top:6%;\"><h2 class=\"fusion-title-heading title-heading-center\" style=\"margin:0;\"><h2 style=\"text-align: center;\">Setenay Guashe<\/h2><\/h2><\/div><div class=\"fusion-image-element \" style=\"text-align:center;--awb-margin-right:8%;--awb-margin-left:8%;--awb-caption-title-font-family:var(--h2_typography-font-family);--awb-caption-title-font-weight:var(--h2_typography-font-weight);--awb-caption-title-font-style:var(--h2_typography-font-style);--awb-caption-title-size:var(--h2_typography-font-size);--awb-caption-title-transform:var(--h2_typography-text-transform);--awb-caption-title-line-height:var(--h2_typography-line-height);--awb-caption-title-letter-spacing:var(--h2_typography-letter-spacing);\"><span class=\" fusion-imageframe imageframe-dropshadow imageframe-2 hover-type-none\" style=\"-webkit-box-shadow: 15px 15px 19px rgba(255,184,160,0.3);box-shadow: 15px 15px 19px rgba(255,184,160,0.3);\"><img decoding=\"async\" width=\"976\" height=\"911\" title=\"ScreenshotatAug0311-47-12\" src=\"http:\/\/cizge.com.tr\/wp-content\/uploads\/2024\/08\/ScreenshotatAug0311-47-12.png\" alt class=\"img-responsive wp-image-1179\" srcset=\"http:\/\/cizge.com.tr\/wp-content\/uploads\/2024\/08\/ScreenshotatAug0311-47-12-200x187.png 200w, http:\/\/cizge.com.tr\/wp-content\/uploads\/2024\/08\/ScreenshotatAug0311-47-12-400x373.png 400w, http:\/\/cizge.com.tr\/wp-content\/uploads\/2024\/08\/ScreenshotatAug0311-47-12-600x560.png 600w, http:\/\/cizge.com.tr\/wp-content\/uploads\/2024\/08\/ScreenshotatAug0311-47-12-800x747.png 800w, http:\/\/cizge.com.tr\/wp-content\/uploads\/2024\/08\/ScreenshotatAug0311-47-12.png 976w\" sizes=\"(max-width: 640px) 100vw, 600px\" \/><\/span><\/div><div class=\"fusion-text fusion-text-3\" style=\"--awb-margin-top:12%;--awb-margin-right:8%;--awb-margin-left:8%;\"><p id=\"isPasted\">Kafkaslar\u0131n g\u00fc\u00e7l\u00fc kad\u0131n sava\u015f\u00e7\u0131s\u0131 Setenay Guashe&#8217;nin ruhu, bu \u015fi\u015fede hayat buluyor. Elman\u0131n ferahl\u0131\u011f\u0131, lavantan\u0131n huzuru ve \u00e7ile\u011fin tatl\u0131l\u0131\u011f\u0131yla harmanlanan Setenay Guashe, hem cesur hem de zarif bir kad\u0131n\u0131n imzas\u0131. Her damla, bir destan\u0131n ba\u015flang\u0131c\u0131.<\/p>\n<\/div><\/div><\/div><div class=\"fusion-layout-column fusion_builder_column fusion-builder-column-3 fusion_builder_column_1_2 1_2 fusion-flex-column\" style=\"--awb-bg-size:cover;--awb-width-large:50%;--awb-margin-top-large:0px;--awb-spacing-right-large:3.84%;--awb-margin-bottom-large:20px;--awb-spacing-left-large:3.84%;--awb-width-medium:50%;--awb-order-medium:0;--awb-spacing-right-medium:3.84%;--awb-spacing-left-medium:3.84%;--awb-width-small:100%;--awb-order-small:0;--awb-spacing-right-small:1.92%;--awb-spacing-left-small:1.92%;\"><div class=\"fusion-column-wrapper fusion-column-has-shadow fusion-flex-justify-content-flex-start fusion-content-layout-column\"><div class=\"fusion-title title fusion-title-4 fusion-sep-none fusion-title-center fusion-title-text fusion-title-size-two\" style=\"--awb-margin-top:6%;\"><h2 class=\"fusion-title-heading title-heading-center\" style=\"margin:0;\"><h2 style=\"text-align: center;\">Wvatha<\/h2><\/h2><\/div><div class=\"fusion-image-element \" style=\"--awb-margin-right:8%;--awb-margin-left:8%;--awb-caption-title-font-family:var(--h2_typography-font-family);--awb-caption-title-font-weight:var(--h2_typography-font-weight);--awb-caption-title-font-style:var(--h2_typography-font-style);--awb-caption-title-size:var(--h2_typography-font-size);--awb-caption-title-transform:var(--h2_typography-text-transform);--awb-caption-title-line-height:var(--h2_typography-line-height);--awb-caption-title-letter-spacing:var(--h2_typography-letter-spacing);\"><span class=\" fusion-imageframe imageframe-dropshadow imageframe-3 hover-type-none\" style=\"-webkit-box-shadow: 15px 15px 19px rgba(160,237,255,0.3);box-shadow: 15px 15px 19px rgba(160,237,255,0.3);\"><img decoding=\"async\" width=\"976\" height=\"911\" title=\"Wvatha_Janart_Boutique_Parfume\" src=\"http:\/\/cizge.com.tr\/wp-content\/uploads\/2024\/08\/Wvatha_Janart_Boutique_Parfume.png\" alt class=\"img-responsive wp-image-1246\" srcset=\"http:\/\/cizge.com.tr\/wp-content\/uploads\/2024\/08\/Wvatha_Janart_Boutique_Parfume-200x187.png 200w, http:\/\/cizge.com.tr\/wp-content\/uploads\/2024\/08\/Wvatha_Janart_Boutique_Parfume-400x373.png 400w, http:\/\/cizge.com.tr\/wp-content\/uploads\/2024\/08\/Wvatha_Janart_Boutique_Parfume-600x560.png 600w, http:\/\/cizge.com.tr\/wp-content\/uploads\/2024\/08\/Wvatha_Janart_Boutique_Parfume-800x747.png 800w, http:\/\/cizge.com.tr\/wp-content\/uploads\/2024\/08\/Wvatha_Janart_Boutique_Parfume.png 976w\" sizes=\"(max-width: 640px) 100vw, 600px\" \/><\/span><\/div><div class=\"fusion-text fusion-text-4\" style=\"--awb-margin-top:12%;--awb-margin-right:8%;--awb-margin-left:8%;\"><p id=\"isPasted\">Kafkas mitolojisindeki g\u00f6k tanr\u0131s\u0131n\u0131n g\u00fcc\u00fcn\u00fc ve erkeksi auras\u0131n\u0131 yakalamak i\u00e7in yola \u00e7\u0131kt\u0131k. Wvatha, derinin s\u0131cakl\u0131\u011f\u0131, mate yapra\u011f\u0131n\u0131n enerjisi, vanilya ve tonka fasulyesinin tatl\u0131 dokunu\u015fuyla harmanlanarak, zamans\u0131z bir klasik haline geliyor.<\/p>\n<p>\u00dcst notalardaki lavanta, ananas ve mandalina, sizi taze ve enerjik bir ba\u015flang\u0131ca davet ederken, kalp notalar\u0131ndaki bergamot, pa\u00e7uli ve yasemin, kokunun kal\u0131c\u0131 izini b\u0131rak\u0131yor. Temel notalardaki deri, mate, vanilya ve tonka fasulyesi ise Wvatha&#8217;ya derinlik ve s\u0131cakl\u0131k kat\u0131yor.<\/p>\n<\/div><\/div><\/div><\/div><\/div><\/p>\n","protected":false},"excerpt":{"rendered":"","protected":false},"author":1,"featured_media":0,"parent":0,"menu_order":0,"comment_status":"closed","ping_status":"closed","template":"100-width.php","meta":{"footnotes":""},"class_list":["post-1173","page","type-page","status-publish","hentry"],"_links":{"self":[{"href":"http:\/\/cizge.com.tr\/index.php\/wp-json\/wp\/v2\/pages\/1173"}],"collection":[{"href":"http:\/\/cizge.com.tr\/index.php\/wp-json\/wp\/v2\/pages"}],"about":[{"href":"http:\/\/cizge.com.tr\/index.php\/wp-json\/wp\/v2\/types\/page"}],"author":[{"embeddable":true,"href":"http:\/\/cizge.com.tr\/index.php\/wp-json\/wp\/v2\/users\/1"}],"replies":[{"embeddable":true,"href":"http:\/\/cizge.com.tr\/index.php\/wp-json\/wp\/v2\/comments?post=1173"}],"version-history":[{"count":35,"href":"http:\/\/cizge.com.tr\/index.php\/wp-json\/wp\/v2\/pages\/1173\/revisions"}],"predecessor-version":[{"id":1247,"href":"http:\/\/cizge.com.tr\/index.php\/wp-json\/wp\/v2\/pages\/1173\/revisions\/1247"}],"wp:attachment":[{"href":"http:\/\/cizge.com.tr\/index.php\/wp-json\/wp\/v2\/media?parent=1173"}],"curies":[{"name":"wp","href":"https:\/\/api.w.org\/{rel}","templated":true}]}}